{"id":785,"date":"2023-01-23T12:28:28","date_gmt":"2023-01-23T11:28:28","guid":{"rendered":"https:\/\/vidoleo.com\/blog\/?page_id=785"},"modified":"2023-07-28T09:28:26","modified_gmt":"2023-07-28T08:28:26","slug":"fiancailles","status":"publish","type":"page","link":"https:\/\/vidoleo.com\/blog\/fr\/annonce\/fiancailles\/","title":{"rendered":"Comment annoncer ses fian\u00e7ailles ?"},"content":{"rendered":"\n<p>C&rsquo;est le grand amour, tu lui as demand\u00e9 sa main et sa r\u00e9ponse a \u00e9t\u00e9 un grand oui ! Maintenant, il va falloir informer son entourage et le dire d\u2019une mani\u00e8re non conventionnelle. L&rsquo;objectif est de laisser un souvenir m\u00e9morable. Pour apporter toute l\u2019aide d\u2019une annonce r\u00e9ussie et afin de marquer le coup \u00e0 cet instant unique, voici la meilleure mani\u00e8re d\u2019annoncer ses fian\u00e7ailles avec originalit\u00e9 gr\u00e2ce \u00e0 la plateforme <a href=\"https:\/\/vidoleo.com\/\">Vidoleo<\/a>. Le contact avec des c\u00e9l\u00e9brit\u00e9s devient facile en quelques clics.<\/p>\n\n\n\n<p><\/p>\n\n\n\n<p><\/p>\n\n\n\n<h2 class=\"wp-block-heading\">Annoncer ses fian\u00e7ailles : que dit la tradition ?<\/h2>\n\n\n\n<figure class=\"wp-block-image size-full\"><img decoding=\"async\" loading=\"lazy\" width=\"900\" height=\"600\" src=\"https:\/\/i0.wp.com\/vidoleo.com\/blog\/wp-content\/\/uploads\/2023\/01\/Annoncer-fiancailles.jpg?resize=900%2C600&#038;ssl=1\" alt=\"Annoncer ses fian\u00e7ailles\" class=\"wp-image-717\" srcset=\"https:\/\/i0.wp.com\/vidoleo.com\/blog\/wp-content\/\/uploads\/2023\/01\/Annoncer-fiancailles.jpg?resize=900%2C600&#038;ssl=1 900w, https:\/\/vidoleo.com\/blog\/wp-content\/\/uploads\/2023\/01\/Annoncer-fiancailles-480x320.jpg 480w\" sizes=\"(min-width: 0px) and (max-width: 480px) 480px, (min-width: 481px) 900px, 100vw\" data-recalc-dims=\"1\" \/><\/figure>\n\n\n\n<p>Apr\u00e8s un d\u00eener aux chandelles r\u00e9ussi, ta moiti\u00e9 a dit oui. Maintenant, les id\u00e9es se bousculent dans vos t\u00eates de futurs mari\u00e9s et \u00e0 la grande question : comment annoncer ses fian\u00e7ailles et le futur mariage \u00e0 venir ? C\u2019est la panique \u00e0 bord. Plusieurs options sont possibles, faut-il l\u2019annoncer d\u2019une mani\u00e8re classique et traditionnelle ? Gardes en t\u00eate qu\u2019il faut se faire plaisir en l\u2019exprimant et diffuser le bonheur ressenti.<\/p>\n\n\n\n<p>La tradition veut que les parents soient inform\u00e9s en premier, ensuite les futurs t\u00e9moins et le reste de la famille. Apr\u00e8s \u00e7a, les amis sont la priorit\u00e9, mais comment et avec quoi leur annoncer un tel \u00e9v\u00e9nement ? Gadgets, charades, d\u00eener ou la carte avec la fameuse phrase \u00ab\u00a0Save The Date\u00a0\u00bb (R\u00e9serve cette date) font partie des annonces classiques.&nbsp;<\/p>\n\n\n\n<p>La f\u00eate des fian\u00e7ailles est de nouveau tendance, l\u2019occasion pour vous de le faire en toute intimit\u00e9 lors d&rsquo;un d\u00eener avec les plus proches ou en grande pompe avec l&rsquo;organisation d&rsquo;une soir\u00e9e entre amis. Mais encore une fois, cette tradition ne correspond peut \u00eatre pas \u00e0 ce que vous d\u00e9sirez.&nbsp;<\/p>\n\n\n\n<p><a href=\"https:\/\/vidoleo.com\/\">Vidoleo<\/a> d\u00e9poussi\u00e8re toutes ces coutumes et offre une nouvelle vision pour des <a href=\"https:\/\/vidoleo.com\/blog\/fr\/annoncer-nouvelle-originale\/\">annonces originales<\/a> avec des centaines de c\u00e9l\u00e9brit\u00e9s disponibles en ligne, c\u2019est l\u2019assurance d\u2019une d\u00e9claration r\u00e9ussie insolite et d\u00e9complex\u00e9e.<\/p>\n\n\n\n<p><\/p>\n\n\n\n<p><\/p>\n\n\n\n<h2 class=\"wp-block-heading\">Annoncer ses fian\u00e7ailles de fa\u00e7on insolite<\/h2>\n\n\n\n<p>Certains ne se cachent pas d\u2019annoncer leurs fian\u00e7ailles sur les r\u00e9seaux sociaux. Entre les selfies avec <a href=\"https:\/\/unebague.fr\" target=\"_blank\" rel=\"noreferrer noopener\">la bague<\/a> au doigt, un saut en parachute ou afficher son animal avec une pancarte : \u00ab\u00a0Mes ma\u00eetres vont se marier\u201d, tout est pr\u00e9texte \u00e0 marquer les esprits et \u00e0 \u00eatre le plus original possible.<\/p>\n\n\n\n<p>Vidoleo te propose de te mettre en contact avec des c\u00e9l\u00e9brit\u00e9s de la t\u00e9l\u00e9vision, du sport, mais aussi de la musique.&nbsp;<\/p>\n\n\n\n<figure class=\"wp-block-image aligncenter size-full\"><a href=\"https:\/\/vidoleo.com\/tex\" target=\"_blank\" rel=\"noreferrer noopener\"><img decoding=\"async\" loading=\"lazy\" width=\"1080\" height=\"582\" src=\"https:\/\/i0.wp.com\/vidoleo.com\/blog\/wp-content\/\/uploads\/2023\/06\/screen-tex.jpg?resize=1080%2C582&#038;ssl=1\" alt=\"Annonce fian\u00e7ailles JC Tex vid\u00e9o personnalis\u00e9e\" class=\"wp-image-1431\" srcset=\"https:\/\/i0.wp.com\/vidoleo.com\/blog\/wp-content\/\/uploads\/2023\/06\/screen-tex.jpg?resize=1080%2C582&#038;ssl=1 1280w, https:\/\/vidoleo.com\/blog\/wp-content\/\/uploads\/2023\/06\/screen-tex-980x528.jpg 980w, https:\/\/vidoleo.com\/blog\/wp-content\/\/uploads\/2023\/06\/screen-tex-480x259.jpg 480w\" sizes=\"(min-width: 0px) and (max-width: 480px) 480px, (min-width: 481px) and (max-width: 980px) 980px, (min-width: 981px) 1280px, 100vw\" data-recalc-dims=\"1\" \/><\/a><\/figure>\n\n\n\n<p>Vos parents ne ratent jamais les Z\u2019Amours alors prends contact avec l\u2019animateur JC Tex, il mettra tout son savoir-faire pour r\u00e9aliser une vid\u00e9o amusante et \u00e9mouvante afin de sceller vos fian\u00e7ailles et <a href=\"\/blog\/fr\/annonce\/mariage\/\">annoncer votre futur mariage<\/a>. Ta vie de couple est plus extravertie, et tu pr\u00e9f\u00e8res la folie d\u2019Afida Turner ou bien l\u2019excentricit\u00e9 de <a href=\"https:\/\/vidoleo.com\/pierrejeanchalencon\">Pierre-Jean Alen\u00e7on<\/a> de l\u2019\u00e9mission Affaire conclue ? Personnalise au mieux ta requ\u00eate avant de l\u2019envoyer \u00e0 l\u2019un des talents du site.<\/p>\n\n\n\n<p><\/p>\n\n\n\n<p><\/p>\n\n\n\n<h2 class=\"wp-block-heading\">L\u2019Art et la mani\u00e8re d\u2019annoncer ses fian\u00e7ailles, selon Vidoleo<\/h2>\n\n\n\n<p>L\u2019annonce des fian\u00e7ailles peut se faire avec plusieurs personnalit\u00e9s diff\u00e9rentes selon votre audience.&nbsp;<\/p>\n\n\n\n<ul>\n<li>Pour La Famille : faites appel aux <a href=\"https:\/\/vidoleo.com\/edsheeranlookalike\">sosies d\u2019Ed Sheeran<\/a>, la vid\u00e9o sera en anglais, mais tous tes proches seront bouche b\u00e9e et croiront que c\u2019est le vrai chanteur britannique.<\/li>\n\n\n\n<li>Pour tes amis : envoie une demande \u00e0 Bonne nuit les Petits ou Chantal Goya, la chanteuse pr\u00e9f\u00e9r\u00e9e des enfants, mais aussi des plus grands, elle fera revivre certains souvenirs.<\/li>\n\n\n\n<li>Pour le choix des t\u00e9moins, ce moment crucial, mais tellement important \u00e9crit \u00e0 l\u2019acteur <a href=\"https:\/\/vidoleo.com\/enriquearce\">Enrique Arce de la Casa De Papel<\/a> connu sous le nom d\u2019Arturo Rom\u00e0n. En anglais ou en espagnol, le gourou de la s\u00e9rie annoncera la grande nouvelle \u00e0 tes t\u00e9moins.<\/li>\n<\/ul>\n\n\n\n<figure class=\"wp-block-image aligncenter size-full\"><a href=\"https:\/\/vidoleo.com\/\" target=\"_blank\" rel=\"noreferrer noopener\"><img decoding=\"async\" loading=\"lazy\" width=\"1024\" height=\"341\" src=\"https:\/\/i0.wp.com\/vidoleo.com\/blog\/wp-content\/\/uploads\/2023\/06\/meilleurs-messages-personnalises-11.jpg?resize=1024%2C341&#038;ssl=1\" alt=\"Annonce fian\u00e7ailles vid\u00e9o c\u00e9l\u00e9brit\u00e9 Priscilla Betti Enrique Arce Pascal Grand Fr\u00e8re Magali Ripoll Francky Vincent Maddy Burciaga\" class=\"wp-image-1701\" srcset=\"https:\/\/i0.wp.com\/vidoleo.com\/blog\/wp-content\/\/uploads\/2023\/06\/meilleurs-messages-personnalises-11.jpg?resize=1024%2C341&#038;ssl=1 1024w, https:\/\/vidoleo.com\/blog\/wp-content\/\/uploads\/2023\/06\/meilleurs-messages-personnalises-11-980x326.jpg 980w, https:\/\/vidoleo.com\/blog\/wp-content\/\/uploads\/2023\/06\/meilleurs-messages-personnalises-11-480x160.jpg 480w\" sizes=\"(min-width: 0px) and (max-width: 480px) 480px, (min-width: 481px) and (max-width: 980px) 980px, (min-width: 981px) 1024px, 100vw\" data-recalc-dims=\"1\" \/><\/a><\/figure>\n\n\n\n<p><\/p>\n\n\n\n<p><\/p>\n\n\n\n<h2 class=\"wp-block-heading\">Annoncer ses fian\u00e7ailles devient facile avec Vidoleo, vous ne serez plus en panne d\u2019inspiration<\/h2>\n\n\n\n<p>Choisis parmi les c\u00e9l\u00e9brit\u00e9s pr\u00e9sentes sur <a href=\"https:\/\/vidoleo.com\/\">Vidoleo<\/a> et offre un moment inoubliable et ineffa\u00e7able \u00e0 ton entourage. Passer un message avec humour, le dire d\u2019une mani\u00e8re ironique ou bien romantique, choisis une personnalit\u00e9 publique et fais de ta vid\u00e9o un cadeau unique et authentique.<\/p>\n\n\n\n<figure class=\"wp-block-image aligncenter size-full\"><a href=\"https:\/\/vidoleo.com\/categories\/vedettes\" target=\"_blank\" rel=\"noreferrer noopener\"><img decoding=\"async\" loading=\"lazy\" width=\"1024\" height=\"512\" src=\"https:\/\/i0.wp.com\/vidoleo.com\/blog\/wp-content\/\/uploads\/2023\/06\/celebrites-vedettes.jpg?resize=1024%2C512&#038;ssl=1\" alt=\"Annonce fian\u00e7ailles C\u00e9l\u00e9brit\u00e9s Vedette vid\u00e9o personnalis\u00e9e\" class=\"wp-image-1631\" srcset=\"https:\/\/i0.wp.com\/vidoleo.com\/blog\/wp-content\/\/uploads\/2023\/06\/celebrites-vedettes.jpg?resize=1024%2C512&#038;ssl=1 1024w, https:\/\/vidoleo.com\/blog\/wp-content\/\/uploads\/2023\/06\/celebrites-vedettes-980x490.jpg 980w, https:\/\/vidoleo.com\/blog\/wp-content\/\/uploads\/2023\/06\/celebrites-vedettes-480x240.jpg 480w\" sizes=\"(min-width: 0px) and (max-width: 480px) 480px, (min-width: 481px) and (max-width: 980px) 980px, (min-width: 981px) 1024px, 100vw\" data-recalc-dims=\"1\" \/><\/a><\/figure>\n\n\n\n<p><\/p>\n\n\n\n<p><\/p>\n\n\n\n<h2 class=\"wp-block-heading\">12 autres id\u00e9es pour annoncer ses fiancailles<\/h2>\n\n\n\n<p>Annoncer ses fian\u00e7ailles est un moment important dans la vie d&rsquo;un couple. Il est donc essentiel de le faire d&rsquo;une mani\u00e8re originale et m\u00e9morable. Dans cette partie, nous vous proposons 10 id\u00e9es originales pour <a href=\"\/blog\/fr\/annonce\/bonne-nouvelle\/\">partager la bonne nouvelle<\/a> avec vos proches de mani\u00e8re unique et tendance. Que vous soyez plut\u00f4t romantiques, discrets ou adeptes des nouvelles technologies, il y en a pour tous les go\u00fbts !<\/p>\n\n\n\n<p><\/p>\n\n\n\n<p><\/p>\n\n\n\n<h3 class=\"wp-block-heading\">1. Une s\u00e9ance photo professionnelle<\/h3>\n\n\n\n<p>Engagez un photographe professionnel pour r\u00e9aliser une s\u00e9ance photo du futur mari\u00e9 et de la future mari\u00e9e. Utilisez des accessoires qui r\u00e9v\u00e8lent votre engagement tel que votre bague de fian\u00e7ailles ou des objets li\u00e9s \u00e0 votre couple. Vous pourrez ensuite partager les clich\u00e9s avec vos proches et les utiliser pour cr\u00e9er des cartes d&rsquo;annonce personnalis\u00e9es.<\/p>\n\n\n\n<p><\/p>\n\n\n\n<p><\/p>\n\n\n\n<h3 class=\"wp-block-heading\">2. Une vid\u00e9o cr\u00e9ative<\/h3>\n\n\n\n<p>R\u00e9alisez un petit film dans lequel vous racontez votre histoire d&rsquo;amour et annoncez votre engagement \u00e0 la fin. Vous pouvez m\u00eame y inclure des t\u00e9moignages de vos proches. Publiez ensuite votre montage sur les r\u00e9seaux sociaux et envoyez le lien par mail \u00e0 votre entourage.<\/p>\n\n\n\n<p><\/p>\n\n\n\n<p><\/p>\n\n\n\n<h3 class=\"wp-block-heading\">3. Les r\u00e9seaux sociaux<\/h3>\n\n\n\n<p>Cr\u00e9ez un statut ou une publication sp\u00e9ciale sur Facebook, Instagram, TikTok ou Twitter pour annoncer la nouvelle. Vous pouvez utiliser des photos, des hashtags personnalis\u00e9s et des emojis pour rendre l&rsquo;annonce encore plus originale et interactive.<\/p>\n\n\n\n<p><\/p>\n\n\n\n<p><\/p>\n\n\n\n<h3 class=\"wp-block-heading\">4. Un \u00e9v\u00e9nement surprise<\/h3>\n\n\n\n<p>Organisez un d\u00e9jeuner, un barbecue ou une f\u00eate entre amis et famille sans d\u00e9voiler la raison de cette r\u00e9union. Lors de l&rsquo;\u00e9v\u00e9nement, annoncez la nouvelle et immortalisez la surprise et les r\u00e9actions de vos proches. Il ne vous reste plus qu&rsquo;\u00e0 commencer l&rsquo;organisation : choisir la date du repas et faire la liste des invit\u00e9s !<\/p>\n\n\n\n<p><\/p>\n\n\n\n<p><\/p>\n\n\n\n<h3 class=\"wp-block-heading\">5. Un puzzle ou un jeu de devinettes<\/h3>\n\n\n\n<p>Cr\u00e9ez un puzzle ou un jeu de devinettes que vos proches devront r\u00e9soudre pour d\u00e9couvrir votre annonce. Vous pouvez envoyer ces jeux par courrier ou les partager en ligne.<\/p>\n\n\n\n<p><\/p>\n\n\n\n<p><\/p>\n\n\n\n<h3 class=\"wp-block-heading\">6. Des objets personnalis\u00e9s<\/h3>\n\n\n\n<p>Faites cr\u00e9er des objets personnalis\u00e9s avec la date ou une photo de vos fian\u00e7ailles : mug, t-shirt, tasse, porte-cl\u00e9s. Offrez-les \u00e0 vos proches en guise d&rsquo;annonce et de souvenir.<\/p>\n\n\n\n<figure class=\"wp-block-image aligncenter size-full\"><img decoding=\"async\" loading=\"lazy\" width=\"1000\" height=\"400\" src=\"https:\/\/i0.wp.com\/vidoleo.com\/blog\/wp-content\/\/uploads\/2023\/06\/annonce-mariage.jpg?resize=1000%2C400&#038;ssl=1\" alt=\"Annonce fian\u00e7ailles originale\" class=\"wp-image-1959\" srcset=\"https:\/\/i0.wp.com\/vidoleo.com\/blog\/wp-content\/\/uploads\/2023\/06\/annonce-mariage.jpg?resize=1000%2C400&#038;ssl=1 1000w, https:\/\/vidoleo.com\/blog\/wp-content\/\/uploads\/2023\/06\/annonce-mariage-980x392.jpg 980w, https:\/\/vidoleo.com\/blog\/wp-content\/\/uploads\/2023\/06\/annonce-mariage-480x192.jpg 480w\" sizes=\"(min-width: 0px) and (max-width: 480px) 480px, (min-width: 481px) and (max-width: 980px) 980px, (min-width: 981px) 1000px, 100vw\" data-recalc-dims=\"1\" \/><\/figure>\n\n\n\n<p><\/p>\n\n\n\n<p><\/p>\n\n\n\n<h3 class=\"wp-block-heading\">7. Une annonce dans la presse locale<\/h3>\n\n\n\n<p>Pour une annonce plus formelle, publiez un encart dans le journal local ou un magazine sp\u00e9cialis\u00e9. Cela donnera une touche d&rsquo;\u00e9l\u00e9gance et de s\u00e9rieux \u00e0 votre annonce.<\/p>\n\n\n\n<p><\/p>\n\n\n\n<p><\/p>\n\n\n\n<h3 class=\"wp-block-heading\">8. Un flash mob<\/h3>\n\n\n\n<p>Organisez un flash mob avec vos amis et votre famille pour annoncer votre mariage en public. Cela peut \u00eatre une danse, une chanson ou une mise en sc\u00e8ne originale qui surprendra vos proches et les passants.<\/p>\n\n\n\n<p><\/p>\n\n\n\n<p><\/p>\n\n\n\n<h3 class=\"wp-block-heading\">9. Un site web d\u00e9di\u00e9<\/h3>\n\n\n\n<p>Cr\u00e9ez un site web d\u00e9di\u00e9 \u00e0 l&rsquo;annonce de vos fian\u00e7ailles. Vous pourrez y partager votre histoire, la source de votre amour, des photos et des d\u00e9tails sur la demande en mariage. Envoyez ensuite le lien \u00e0 vos proches pour qu&rsquo;ils d\u00e9couvrent la nouvelle en ligne.<\/p>\n\n\n\n<p><\/p>\n\n\n\n<p><\/p>\n\n\n\n<h3 class=\"wp-block-heading\">10. Des cartes d&rsquo;annonce originales<\/h3>\n\n\n\n<p>Enfin, optez pour des cartes d&rsquo;annonce personnalis\u00e9es et originales. Vous pouvez choisir des designs cr\u00e9atifs, des formats originaux ou des mat\u00e9riaux insolites pour surprendre vos proches. Ajoutez une touche personnelle en y int\u00e9grant leur pr\u00e9nom, une citation, une photo de vous deux ou bien m\u00eame un texte manuscrit. L&rsquo;envoi de cartes d&rsquo;annonce reste une m\u00e9thode traditionnelle et intemporelle, qui touchera certainement le c\u0153ur de vos proches en leur faisant d\u00e9couvrir la grande nouvelle de vos fian\u00e7ailles.<\/p>\n\n\n\n<p><\/p>\n\n\n\n<p><\/p>\n\n\n\n<h3 class=\"wp-block-heading\">11. Une lettre personnalis\u00e9e r\u00e9trospective<\/h3>\n\n\n\n<p>R\u00e9digez une lettre personnalis\u00e9e pour chacun de vos proches, en retra\u00e7ant les moments marquants de votre relation au cours de l&rsquo;ann\u00e9e \u00e9coul\u00e9e et en soulignant le r\u00f4le important qu&rsquo;ils ont jou\u00e9 dans votre vie de couple. Adressez vous \u00e0 chaque homme et femme de votre entourage de mani\u00e8re individuelle et sinc\u00e8re, en partageant des anecdotes et des souvenirs pr\u00e9cieux. Dans le contenu de la lettre, vous pouvez \u00e9galement inclure des mod\u00e8les de votre parcours en tant que couple, comme des photos, des citations ou des moments forts qui ont jalonn\u00e9 votre histoire.<\/p>\n\n\n\n<p><\/p>\n\n\n\n<p><\/p>\n\n\n\n<h3 class=\"wp-block-heading\">12. Un guide \u00e9tape par \u00e9tape pour les proches<\/h3>\n\n\n\n<p>R\u00e9alisez un livret ou une brochure qui retrace les diff\u00e9rentes \u00e9tapes menant \u00e0 votre mariage, en mettant l&rsquo;accent sur l&rsquo;importance de votre engagement. Vous pouvez y inclure des sections sur comment vous vous \u00eates rencontr\u00e9s, la demande en mariage avec la bague, la r\u00e9action de la mari\u00e9e et l&rsquo;annonce aux parents. Pr\u00e9sentez \u00e9galement des informations sur les pr\u00e9paratifs du mariage, tels que la s\u00e9lection des cadeaux et les sources d&rsquo;inspiration pour la c\u00e9r\u00e9monie. Vous pouvez d&rsquo;ailleurs profiter de ce guide pour <a href=\"\/blog\/fr\/annonce\/grossesse\/\">annoncer la grossesse<\/a> de madame \u00e0 vos proches !<\/p>\n\n\n\n<p>Utilisez des images et des textes pour illustrer chaque \u00e9tape. Ins\u00e9rez des citations ou des anecdotes pour donner vie \u00e0 votre histoire. Transformez ce livret en une carte d&rsquo;annonce originale en y ajoutant les d\u00e9tails de vos fian\u00e7ailles. Envoyez cette brochure \u00e0 vos proches pour leur faire partager votre parcours et les impliquer dans les pr\u00e9paratifs de votre mariage. Cette id\u00e9e cr\u00e9ative permettra de donner un aper\u00e7u des \u00e9tapes cl\u00e9s de votre histoire d&rsquo;amour et du mariage \u00e0 venir, de la mairie \u00e0 l&rsquo;\u00e9glise.<\/p>\n\n\n\n<p><\/p>\n\n\n\n<p><\/p>\n\n\n\n<h2 class=\"wp-block-heading\">Annoncez vos fian\u00e7ailles avec originalit\u00e9 et \u00e9motion<\/h2>\n\n\n\n<p>En somme, il existe de nombreuses fa\u00e7ons de <a href=\"\/blog\/fr\/annonce\/declarer-sa-flamme\/\">d\u00e9clarer sa flamme<\/a> et annoncer vos fian\u00e7ailles de mani\u00e8re originale et marquante. Quelle que soit l&rsquo;id\u00e9e que vous choisissiez, l&rsquo;essentiel est de partager cette merveilleuse nouvelle avec vos proches de mani\u00e8re sinc\u00e8re et \u00e9mouvante.<\/p>\n\n\n\n<p>Laissez vous inspirer par nos conseils, id\u00e9es et c\u00e9l\u00e9brit\u00e9s et faites de cette annonce un moment inoubliable pour vous et vos proches. N&rsquo;h\u00e9sitez pas \u00e0 adapter ces suggestions \u00e0 votre personnalit\u00e9 et \u00e0 votre histoire, afin de cr\u00e9er une annonce qui vous ressemble et qui marquera les esprits de votre famille et vos amis.<\/p>\n\n\n\n<p>F\u00e9licitations et profitez de chaque instant de cette nouvelle aventure qui s&rsquo;ouvre \u00e0 vous !<\/p>\n","protected":false},"excerpt":{"rendered":"<p>C&rsquo;est le grand amour, tu lui as demand\u00e9 sa main et sa r\u00e9ponse a \u00e9t\u00e9 un grand oui ! Maintenant, il va falloir informer son entourage et le dire d\u2019une mani\u00e8re non conventionnelle. L&rsquo;objectif est de laisser un souvenir m\u00e9morable. Pour apporter toute l\u2019aide d\u2019une annonce r\u00e9ussie et afin de marquer le coup \u00e0 cet [&hellip;]<\/p>\n","protected":false},"author":1,"featured_media":717,"parent":432,"menu_order":0,"comment_status":"closed","ping_status":"closed","template":"","meta":{"_et_pb_use_builder":"off","_et_pb_old_content":"","_et_gb_content_width":"1080"},"_links":{"self":[{"href":"https:\/\/vidoleo.com\/blog\/fr\/wp-json\/wp\/v2\/pages\/785"}],"collection":[{"href":"https:\/\/vidoleo.com\/blog\/fr\/wp-json\/wp\/v2\/pages"}],"about":[{"href":"https:\/\/vidoleo.com\/blog\/fr\/wp-json\/wp\/v2\/types\/page"}],"author":[{"embeddable":true,"href":"https:\/\/vidoleo.com\/blog\/fr\/wp-json\/wp\/v2\/users\/1"}],"replies":[{"embeddable":true,"href":"https:\/\/vidoleo.com\/blog\/fr\/wp-json\/wp\/v2\/comments?post=785"}],"version-history":[{"count":16,"href":"https:\/\/vidoleo.com\/blog\/fr\/wp-json\/wp\/v2\/pages\/785\/revisions"}],"predecessor-version":[{"id":2549,"href":"https:\/\/vidoleo.com\/blog\/fr\/wp-json\/wp\/v2\/pages\/785\/revisions\/2549"}],"up":[{"embeddable":true,"href":"https:\/\/vidoleo.com\/blog\/fr\/wp-json\/wp\/v2\/pages\/432"}],"wp:featuredmedia":[{"embeddable":true,"href":"https:\/\/vidoleo.com\/blog\/fr\/wp-json\/wp\/v2\/media\/717"}],"wp:attachment":[{"href":"https:\/\/vidoleo.com\/blog\/fr\/wp-json\/wp\/v2\/media?parent=785"}],"curies":[{"name":"wp","href":"https:\/\/api.w.org\/{rel}","templated":true}]}}