{"id":756,"date":"2023-01-23T12:05:42","date_gmt":"2023-01-23T11:05:42","guid":{"rendered":"https:\/\/vidoleo.com\/blog\/?page_id=756"},"modified":"2023-07-28T10:24:30","modified_gmt":"2023-07-28T09:24:30","slug":"adolescent","status":"publish","type":"page","link":"https:\/\/vidoleo.com\/blog\/fr\/cadeau-original\/adolescent\/","title":{"rendered":"Trouver un cadeau original pour ado"},"content":{"rendered":"\n<figure class=\"wp-block-image aligncenter size-full\"><img decoding=\"async\" loading=\"lazy\" width=\"900\" height=\"600\" src=\"https:\/\/i0.wp.com\/vidoleo.com\/blog\/wp-content\/\/uploads\/2023\/01\/Cadeau-adolescent-original.jpg?resize=900%2C600&#038;ssl=1\" alt=\"Cadeau original ado\" class=\"wp-image-719\" srcset=\"https:\/\/i0.wp.com\/vidoleo.com\/blog\/wp-content\/\/uploads\/2023\/01\/Cadeau-adolescent-original.jpg?resize=900%2C600&#038;ssl=1 900w, https:\/\/vidoleo.com\/blog\/wp-content\/\/uploads\/2023\/01\/Cadeau-adolescent-original-480x320.jpg 480w\" sizes=\"(min-width: 0px) and (max-width: 480px) 480px, (min-width: 481px) 900px, 100vw\" data-recalc-dims=\"1\" \/><\/figure>\n\n\n\n<p>Offrir un cadeau original \u00e0 un ado peut s\u2019av\u00e9rer parfois compliqu\u00e9. Encore plus si vous cherchez \u00e0 l\u2019\u00e9pater ou \u00e0 le f\u00e9liciter de ses bons r\u00e9sultats ou d\u2019une r\u00e9ussite \u00e0 son permis. Les id\u00e9es de cadeaux se bousculent, vous avez envie de marquer le coup et qu\u2019il s\u2019en souvienne pendant longtemps.<\/p>\n\n\n\n<p>V\u00eatement, mug, bracelet, figurine pop, lampe en bois, jeux vid\u00e9o ou bien le dernier smartphone, vous trouvez que \u00e7a n&rsquo;est pas assez original et que \u00e7a manque de personnalisation. Vous avez pass\u00e9 en revue tous les sites geeks, branch\u00e9s voir m\u00eame classiques pour trouver le cadeau id\u00e9al, mais vous \u00eates encore au point mort.<\/p>\n\n\n\n<p>Voici votre jour de chance ! D\u00e9couvrez sans plus tarder <a href=\"https:\/\/vidoleo.com\/\">Vidoleo<\/a>, la plateforme de d\u00e9dicace vid\u00e9o qui cache surement l\u2019influenceur ou la c\u00e9l\u00e9brit\u00e9 que votre ado adore. Quel que soit l\u2019\u00e9v\u00e9nement \u00e0 f\u00eater, no\u00ebl, anniversaire, f\u00eate ou simple surprise, devenez son GOAT (<em>The Greatest Of All Time)<\/em> en offrant un cadeau unique et personnalis\u00e9 via Vidoleo.<\/p>\n\n\n\n<p><\/p>\n\n\n\n<p><\/p>\n\n\n\n<h2 class=\"wp-block-heading\">Quel cadeau original et personnalis\u00e9 \u00e0 faire \u00e0 un ado ?<\/h2>\n\n\n\n<p>Votre ado est fan de sport et surtout de Basket-ball, alors contactez <a href=\"https:\/\/vidoleo.com\/edwinjackson\">Edwin Jackson<\/a> sur Vidoleo, commentateur des matchs de NBA, il se filmera et offrira une vid\u00e9o originale et inoubliable. Vous voulez f\u00e9liciter votre ado, le remercier ou tout simplement lui laisser un message insolite, choisissez parmi les pr\u00e9sentateurs, acteurs, com\u00e9diens, <a href=\"https:\/\/vidoleo.com\/categories\/musiciens\/chanteurs\">chanteurs<\/a> et DJ&rsquo;s. Cr\u00e9ez votre compte facilement, s\u00e9lectionnez le talent et donnez un maximum d\u2019informations sur ce que vous voulez voir et entendre sur la vid\u00e9o. Recevez votre vid\u00e9o sous 7 jours ou en quelques heures gr\u00e2ce \u00e0 la livraison 24h ! <\/p>\n\n\n\n<figure class=\"wp-block-image aligncenter size-full\"><a href=\"https:\/\/vidoleo.com\/maddyburciaga\" target=\"_blank\" rel=\"noreferrer noopener\"><img decoding=\"async\" loading=\"lazy\" width=\"1080\" height=\"540\" src=\"https:\/\/i0.wp.com\/vidoleo.com\/blog\/wp-content\/\/uploads\/2023\/06\/screen-maddy-burciaga.jpg?resize=1080%2C540&#038;ssl=1\" alt=\"Cadeau adolescent Maddy Burciaga message vid\u00e9o \" class=\"wp-image-1453\" srcset=\"https:\/\/i0.wp.com\/vidoleo.com\/blog\/wp-content\/\/uploads\/2023\/06\/screen-maddy-burciaga.jpg?resize=1080%2C540&#038;ssl=1 1280w, https:\/\/vidoleo.com\/blog\/wp-content\/\/uploads\/2023\/06\/screen-maddy-burciaga-980x490.jpg 980w, https:\/\/vidoleo.com\/blog\/wp-content\/\/uploads\/2023\/06\/screen-maddy-burciaga-480x240.jpg 480w\" sizes=\"(min-width: 0px) and (max-width: 480px) 480px, (min-width: 481px) and (max-width: 980px) 980px, (min-width: 981px) 1280px, 100vw\" data-recalc-dims=\"1\" \/><\/a><\/figure>\n\n\n\n<p><\/p>\n\n\n\n<p><\/p>\n\n\n\n<h2 class=\"wp-block-heading\">Quel est le meilleur cadeau original pour un ado ?<\/h2>\n\n\n\n<p>Les pr\u00e9f\u00e9rences de chaque ado varient en fonction de leurs int\u00e9r\u00eats et leur personnalit\u00e9, mais cette fois-ci vous avez envie que \u00e7a lui reste en t\u00eate comme un bon vieux refrain d\u2019une chanson qu\u2019il aime.&nbsp;<\/p>\n\n\n\n<p>Parce qu\u2019il est d\u00e9j\u00e0 assez g\u00e2t\u00e9 et que sa chambre est d\u00e9j\u00e0 bien remplie d\u2019objets en tous genres, <a href=\"https:\/\/vidoleo.com\/\">la vid\u00e9o personnalis\u00e9e d&rsquo;une star<\/a> est le cadeau insolite pour un ado. En plus, il sera fier de diffuser la vid\u00e9o \u00e0 ses amis. Pour lui faire une blague, annoncer une nouvelle, l\u2019encourager, vous avez \u00e0 disposition des centaines de c\u00e9l\u00e9brit\u00e9s qui mettent leur talent \u00e0 votre service pour cr\u00e9er la vid\u00e9o la plus originale. \u00c0 vous de personnaliser la vid\u00e9o comme vous le souhaitez. Vous allez avoir le \u201cswag\u201d pendant que votre ado sera \u201csauc\u00e9\u201d de votre id\u00e9e ing\u00e9nieuse.&nbsp;<\/p>\n\n\n\n<p>Ne cherchez plus, vous avez trouv\u00e9 le cadeau original pour ado. Apr\u00e8s quelques recherches sur les personnalit\u00e9s qu\u2019il aime, il est possible de trouver le cadeau id\u00e9al et parfait. Vidoleo deviendra un incontournable de vos sites favoris et la plateforme pr\u00e9f\u00e9r\u00e9e de votre adolescent. Bluffez vos ados en leur faisant croire que vous \u00eates amis avec une star.<\/p>\n\n\n\n<figure class=\"wp-block-image aligncenter size-full\"><a href=\"https:\/\/vidoleo.com\/\" target=\"_blank\" rel=\"noreferrer noopener\"><img decoding=\"async\" loading=\"lazy\" width=\"1024\" height=\"341\" src=\"https:\/\/i0.wp.com\/vidoleo.com\/blog\/wp-content\/\/uploads\/2023\/06\/meilleurs-messages-personnalises-4.jpg?resize=1024%2C341&#038;ssl=1\" alt=\"Cadeau ado vid\u00e9o c\u00e9l\u00e9brit\u00e9 Nicocapone Christophe Lemaitre T\u00e9o Lavabo Maddy Burciaga Benjamin Castaldi Pierre Bouvier\" class=\"wp-image-1687\" srcset=\"https:\/\/i0.wp.com\/vidoleo.com\/blog\/wp-content\/\/uploads\/2023\/06\/meilleurs-messages-personnalises-4.jpg?resize=1024%2C341&#038;ssl=1 1024w, https:\/\/vidoleo.com\/blog\/wp-content\/\/uploads\/2023\/06\/meilleurs-messages-personnalises-4-980x326.jpg 980w, https:\/\/vidoleo.com\/blog\/wp-content\/\/uploads\/2023\/06\/meilleurs-messages-personnalises-4-480x160.jpg 480w\" sizes=\"(min-width: 0px) and (max-width: 480px) 480px, (min-width: 481px) and (max-width: 980px) 980px, (min-width: 981px) 1024px, 100vw\" data-recalc-dims=\"1\" \/><\/a><\/figure>\n\n\n\n<p><\/p>\n\n\n\n<p><\/p>\n\n\n\n<h2 class=\"wp-block-heading\">Id\u00e9es de cadeau original pour ado gar\u00e7on<\/h2>\n\n\n\n<p>Pour un gar\u00e7on adolescent, les id\u00e9es cadeau ne manquent pas : Console de jeu ou un nouvel ordinateur fera l\u2019affaire. Ou bien \u00e0 un prix plus raisonnable, des places de concert ou des billets pour des \u00e9v\u00e9nements sportifs, ce sont des cadeaux sympas si vous \u00eates s\u00fbr que votre ado aime la musique ou le sport.<\/p>\n\n\n\n<p>Concernant les c\u00e9l\u00e9brit\u00e9s Vidoleo adapt\u00e9s pour un jeune homme, nous vous recommandons de vous tourner vers des <a href=\"https:\/\/vidoleo.com\/categories\/sportifs\">sportifs<\/a>, des <a href=\"https:\/\/vidoleo.com\/categories\/createurs\/youtubeurs\">YouTubeurs<\/a>, ou des stars du moment tels que <a href=\"https:\/\/vidoleo.com\/teolavabo\">T\u00e9o Lavabo<\/a> ou <a href=\"https:\/\/vidoleo.com\/afidaturner\">Afida Turner<\/a>.<\/p>\n\n\n\n<p>Tournez vous vers des profils plus atypiques si vous souhaitez faire une blague \u00e0 votre ado, nous vous recommandons les profils suivants : <a href=\"https:\/\/vidoleo.com\/claramorgane\">Clara Morgane<\/a> pour l&rsquo;accueillir dans l&rsquo;\u00e2ge adulte, <a href=\"https:\/\/vidoleo.com\/pascallegrandfrere\">Pascal le Grand Fr\u00e8re<\/a> pour le remettre gentiment en place ou bien <a href=\"https:\/\/vidoleo.com\/legrandmonarque\">Sylvain Pierre Durif<\/a> pour une vid\u00e9o fun !<\/p>\n\n\n\n<p><\/p>\n\n\n\n<p><\/p>\n\n\n\n<h2 class=\"wp-block-heading\">Id\u00e9es de cadeau original pour ado fille<\/h2>\n\n\n\n<p>Pour une ado fille, les id\u00e9es cadeaux sont nombreuses : Des bijoux, des accessoires de mode, un atelier maquillage avec un professionnel, une paire de sneakers de ses couleurs pr\u00e9f\u00e9r\u00e9es, un bracelet personnalis\u00e9, son premier sac \u00e0 main, etc. Telle id\u00e9e pourrait \u00eatre le cadeau id\u00e9al.. Encore faut il que le produit fasse parti de sa wishlist !<\/p>\n\n\n\n<p>Offrez donc une vid\u00e9o personnalis\u00e9e d&rsquo;une c\u00e9l\u00e9brit\u00e9 pour un cadeau plus original \u00e0 une jeune femme. Pour une adolescente, nous vous conseillons de choisir des <a href=\"https:\/\/vidoleo.com\/categories\/acteurs\">acteurs<\/a> du cin\u00e9ma ou de la t\u00e9l\u00e9 et des <a href=\"https:\/\/vidoleo.com\/categories\/musiciens\/chanteurs\">chanteurs<\/a> du moment ou des g\u00e9n\u00e9rations pass\u00e9es, tels que <a href=\"https:\/\/vidoleo.com\/priscillabetti\">Priscilla Betti<\/a> ou <a href=\"https:\/\/vidoleo.com\/elodiecosta\">\u00c9lodie Costa<\/a>.<\/p>\n\n\n\n<p>Si l&rsquo;adolescente aime les dessins anim\u00e9s et films d&rsquo;animation, nous vous recommandons de vous tourner vers les <a href=\"https:\/\/vidoleo.com\/categories\/doublage\">com\u00e9diens de doublage<\/a>. Ces derniers pourront faire une d\u00e9dicace vid\u00e9o personnalis\u00e9e avec la voix des personnages pr\u00e9f\u00e9r\u00e9s de l&rsquo;ado, quelle chance !<\/p>\n\n\n\n<figure class=\"wp-block-image aligncenter size-full\"><a href=\"https:\/\/vidoleo.com\/categories\/musiciens\" target=\"_blank\" rel=\"noreferrer noopener\"><img decoding=\"async\" loading=\"lazy\" width=\"1024\" height=\"536\" src=\"https:\/\/i0.wp.com\/vidoleo.com\/blog\/wp-content\/\/uploads\/2023\/06\/celebrites-musiciens.jpg?resize=1024%2C536&#038;ssl=1\" alt=\"Cado ado d\u00e9dicace chanson personnalis\u00e9e\" class=\"wp-image-1617\" srcset=\"https:\/\/i0.wp.com\/vidoleo.com\/blog\/wp-content\/\/uploads\/2023\/06\/celebrites-musiciens.jpg?resize=1024%2C536&#038;ssl=1 1024w, https:\/\/vidoleo.com\/blog\/wp-content\/\/uploads\/2023\/06\/celebrites-musiciens-980x513.jpg 980w, https:\/\/vidoleo.com\/blog\/wp-content\/\/uploads\/2023\/06\/celebrites-musiciens-480x251.jpg 480w\" sizes=\"(min-width: 0px) and (max-width: 480px) 480px, (min-width: 481px) and (max-width: 980px) 980px, (min-width: 981px) 1024px, 100vw\" data-recalc-dims=\"1\" \/><\/a><\/figure>\n\n\n\n<p><\/p>\n\n\n\n<p><\/p>\n\n\n\n<h2 class=\"wp-block-heading\">10 autres id\u00e9es de cadeau original pour ado<\/h2>\n\n\n\n<p>No\u00ebl ou l&rsquo;anniversaire de votre grand enfant approche et vous avez envie de lui offrir un <a href=\"https:\/\/vidoleo.com\/blog\/fr\/cadeau-original\/\">cadeau original<\/a> dont il se souviendra tout au long de sa vie. Comment \u00eatre s\u00fbr de faire plaisir \u00e0 votre adolescent avec des produits high tech, un gadget aux couleurs vives voire m\u00eame un abonnement pour une activit\u00e9 ou un parc d&rsquo;attractions ?&nbsp;<\/p>\n\n\n\n<p>Nous avons rassembl\u00e9 pour vous de nouvelles id\u00e9es de cadeaux tendance en 2023, pour faire plaisir \u00e0 coup s\u00fbr aux adolescents de votre entourage. Pr\u00e9parez vous \u00e0 les surprendre avec ces suggestions uniques de cadeaux \u00e0 la pointe de la mode. Aucun doute que certaines de ces id\u00e9es cadeau doivent d\u00e9j\u00e0 figurer sur sa wishlist !<\/p>\n\n\n\n<p><\/p>\n\n\n\n<p><\/p>\n\n\n\n<h3 class=\"wp-block-heading\">1. Casque de r\u00e9alit\u00e9 virtuelle<\/h3>\n\n\n\n<p>Pour les amateurs de jeux vid\u00e9o et de nouvelles technologies, un casque de r\u00e9alit\u00e9 virtuelle est le cadeau id\u00e9al pour les plonger dans des univers immersifs et interactifs. Emmenez l&rsquo;adolescent dans les \u00e9toiles ou dans un nouvel univers, en r\u00e9alit\u00e9 virtuelle tout est permis ! Oculus Quest, PlayStation VR et HTC Vive sont quelques-uns des mod\u00e8les les plus populaires sur le march\u00e9 en 2023. Commandez sur amazon, choisissez la livraison \u00e0 domicile, payez le prix indiqu\u00e9 et recevez les produits directement chez vous.<\/p>\n\n\n\n<p><\/p>\n\n\n\n<p><\/p>\n\n\n\n<h3 class=\"wp-block-heading\">2. Abonnement \u00e0 une box mensuelle<\/h3>\n\n\n\n<p>Offrez \u00e0 l&rsquo;ado de votre vie la surprise d&rsquo;un colis mensuel personnalis\u00e9 en fonction de ses centres d&rsquo;int\u00e9r\u00eat. Il existe une s\u00e9lection de box pour tous les go\u00fbts : mode, beaut\u00e9, lecture, jeux vid\u00e9o, sport ou encore cuisine. Une id\u00e9e de cadeau original pour homme ou femme qui ne cessera de les surprendre chaque mois !<\/p>\n\n\n\n<p><\/p>\n\n\n\n<p><\/p>\n\n\n\n<h3 class=\"wp-block-heading\">3. Trottinette \u00e9lectrique<\/h3>\n\n\n\n<p>Une trottinette \u00e9lectrique est un moyen de transport \u00e9cologique et tendance pour les ados. C&rsquo;est \u00e9galement un excellent moyen pour eux de se d\u00e9placer en ville tout en s&rsquo;amusant. Veillez \u00e0 choisir un mod\u00e8le adapt\u00e9 \u00e0 leur \u00e2ge et conforme aux normes de s\u00e9curit\u00e9.<\/p>\n\n\n\n<p><\/p>\n\n\n\n<p><\/p>\n\n\n\n<h3 class=\"wp-block-heading\">4. Atelier DIY (Do It Yourself)<\/h3>\n\n\n\n<p>Offrez une exp\u00e9rience inoubliable avec un atelier DIY personnalis\u00e9 selon les passions de l&rsquo;adolescent. Cuisine, photographie, d\u00e9coration, mode ou encore robotique, il y a des ateliers pour tous les go\u00fbts et tous les niveaux.<\/p>\n\n\n\n<p><\/p>\n\n\n\n<p><\/p>\n\n\n\n<h3 class=\"wp-block-heading\">5. V\u00eatements et accessoires personnalis\u00e9s<\/h3>\n\n\n\n<p>Surprenez l&rsquo;adolescent avec des v\u00eatements et accessoires personnalis\u00e9s \u00e0 son nom ou avec un design original. T-shirt, casquette, sac, coque de t\u00e9l\u00e9phone&#8230; Les possibilit\u00e9s sont infinies et feront de ce cadeau un objet unique qu&rsquo;il pourra porter fi\u00e8rement. Trouvez votre bonheur sur etsy ou en boutique sp\u00e9cialis\u00e9e. <\/p>\n\n\n\n<p>\u00c0 cet \u00e2ge il y a aussi de fortes chances que votre adolescent joue aux jeux vid\u00e9os, vous pouvez alors opter pour un <a rel=\"noreferrer noopener\" href=\"https:\/\/boutiqueminecraft.fr\/tshirt\" data-type=\"URL\" data-id=\"https:\/\/boutiqueminecraft.fr\/tshirt\" target=\"_blank\">T-shirt Minecraft<\/a>. Cadeau qu&rsquo;il pourra porter fi\u00e8rement devant ses amis !<\/p>\n\n\n\n<p><\/p>\n\n\n\n<p><\/p>\n\n\n\n<h3 class=\"wp-block-heading\">6. Enceinte Bluetooth portable<\/h3>\n\n\n\n<p>La musique est un \u00e9l\u00e9ment essentiel dans la vie des ados. Une enceinte Bluetooth portable usb leur permettra d&rsquo;\u00e9couter leurs morceaux pr\u00e9f\u00e9r\u00e9s partout o\u00f9 ils vont. Optez pour un mod\u00e8le \u00e9tanche et r\u00e9sistant aux chocs pour une utilisation en ext\u00e9rieur.<\/p>\n\n\n\n<p><\/p>\n\n\n\n<p><\/p>\n\n\n\n<h3 class=\"wp-block-heading\">7. Organisation d&rsquo;une f\u00eate surprise \u00e0 th\u00e8me<\/h3>\n\n\n\n<p>Offrez un moment inoubliable en organisant une f\u00eate surprise pour l&rsquo;adolescent. Choisissez un th\u00e8me bas\u00e9 sur ses passions, rassemblez ses amis et sa famille, et pr\u00e9parez des invitations, des d\u00e9corations, des activit\u00e9s et un menu personnalis\u00e9s. Une f\u00eate surprise bien orchestr\u00e9e et adapt\u00e9e \u00e0 ses go\u00fbts sera un cadeau m\u00e9morable dont il se souviendra longtemps.<\/p>\n\n\n\n<p><\/p>\n\n\n\n<p><\/p>\n\n\n\n<h3 class=\"wp-block-heading\">8. Escape Game \u00e0 domicile<\/h3>\n\n\n\n<p>Faites vivre une aventure palpitante aux ados avec un escape game \u00e0 domicile. Trouvez et t\u00e9l\u00e9chargez un kit escape game sur internet. Les sc\u00e9narios sont vari\u00e9s et adapt\u00e9s \u00e0 tous les \u00e2ges, pour une exp\u00e9rience de jeu passionnante \u00e0 partager entre amis ou en famille.<\/p>\n\n\n\n<p>Si vous vivez en ville, privil\u00e9giez un escape game professionnel pour une exp\u00e9rience plus immersive et compl\u00e8te.<\/p>\n\n\n\n<p><\/p>\n\n\n\n<p><\/p>\n\n\n\n<h3 class=\"wp-block-heading\">9. Cours en ligne<\/h3>\n\n\n\n<p>Aidez les ados \u00e0 d\u00e9velopper leurs comp\u00e9tences et \u00e0 approfondir leurs passions avec des cours en ligne dans des domaines vari\u00e9s tels que le dessin, la programmation, la danse, la musique ou encore les langues \u00e9trang\u00e8res. Des plateformes comme Udemy, Coursera ou MasterClass proposent une multitude de cours de qualit\u00e9 pour tous les niveaux.<\/p>\n\n\n\n<p><\/p>\n\n\n\n<p><\/p>\n\n\n\n<h3 class=\"wp-block-heading\">10. Appareil photo instantan\u00e9<\/h3>\n\n\n\n<p>Les ados adorent immortaliser leurs moments pr\u00e9f\u00e9r\u00e9s entre amis ou en famille. Un appareil photo instantan\u00e9 leur permettra de capturer et d&rsquo;imprimer leurs souvenirs en un clin d&rsquo;\u0153il. Les mod\u00e8les comme le Fujifilm Instax ou le Polaroid Now sont parfaits pour cela.<\/p>\n\n\n\n<p><\/p>\n\n\n\n<p><\/p>\n\n\n\n<h3 class=\"wp-block-heading\">Toujours rien trouv\u00e9 ?<\/h3>\n\n\n\n<p>Un objet fabriqu\u00e9 de vos propres mains est une id\u00e9e originale qui marquera les esprits \u00e0 tous les coups. Et surtout, \u00e7a n&rsquo;a pas de prix. Pour no\u00ebl, <a href=\"\/blog\/fr\/cadeau-original\/anniversaire\/\">un anniversaire<\/a> de 12 \u00e0 17 ans ou un simple cadeau plaisir, un appareil photo, un nouveau v\u00e9lo, un sac \u00e0 dos, une trottinette, <a rel=\"noreferrer noopener\" href=\"https:\/\/lampes-3d.com\/\" target=\"_blank\">une lampe 3D usb<\/a>, une montre d&rsquo;adulte ou bien un abonnement \u00e0 une activit\u00e9 pourraient \u00e9galement lui faire plaisir. Sur Etsy, vous trouverez \u00e9galement de nombreux cadeaux et produits de la nature, tel que des objets en bois ou bracelets fait maison.<\/p>\n\n\n\n<p>Offrez un livre personnalis\u00e9 dans lequel l&rsquo;adolescent devient le h\u00e9ros de l&rsquo;histoire. Choisissez parmi une large s\u00e9lection de romans et de BD, et personnalisez le texte et les illustrations pour cr\u00e9er un cadeau unique et sur-mesure. Ou sinon, avez-vous pens\u00e9 \u00e0 la collection de livres Harry Potter pour mettre l&rsquo;ado \u00e0 la lecture ? Vous trouverez toute la saga Harry Potter et bien d&rsquo;autres id\u00e9es sur amazon ou en boutique sp\u00e9cialis\u00e9e telle que librairie ou fnac.<\/p>\n\n\n\n<p>Pour un cadeau utile, vous pouvez lui offrir <a href=\"https:\/\/vidoleo.com\/blog\/fr\/cadeau-original\/permis-conduire\/\">son permis de conduire<\/a> ou la conduite accompagn\u00e9e. Ou du moins participer pour l&rsquo;aider \u00e0 payer ses frais et le motiver \u00e0 devenir ind\u00e9pendant au plus t\u00f4t.<\/p>\n\n\n\n<p><\/p>\n\n\n\n<h2 class=\"wp-block-heading\">En conclusion<\/h2>\n\n\n\n<p>Voil\u00e0 notre s\u00e9lection d&rsquo;id\u00e9es de cadeaux originaux pour ados en 2023. N&rsquo;h\u00e9sitez pas \u00e0 adapter ces suggestions en fonction des go\u00fbts et des pr\u00e9f\u00e9rences de l&rsquo;adolescent \u00e0 qui vous souhaitez offrir le cadeau. Avec ces propositions tendance et uniques, vous avez d\u00e9sormais le choix ! Et surtout, vous \u00eates s\u00fbr de faire de marquer les esprits du jeune homme ou de la jeune femme pour longtemps.<\/p>\n\n\n\n<p>En bonus, nous vous invitons \u00e0 joindre au cadeau, un petit mot sur une carte personnalis\u00e9e. Cela ne co\u00fbte rien et \u00e7a fait toujours plaisir !<\/p>\n\n\n\n<p><\/p>\n","protected":false},"excerpt":{"rendered":"<p>Offrir un cadeau original \u00e0 un ado peut s\u2019av\u00e9rer parfois compliqu\u00e9. Encore plus si vous cherchez \u00e0 l\u2019\u00e9pater ou \u00e0 le f\u00e9liciter de ses bons r\u00e9sultats ou d\u2019une r\u00e9ussite \u00e0 son permis. Les id\u00e9es de cadeaux se bousculent, vous avez envie de marquer le coup et qu\u2019il s\u2019en souvienne pendant longtemps. V\u00eatement, mug, bracelet, figurine [&hellip;]<\/p>\n","protected":false},"author":1,"featured_media":719,"parent":413,"menu_order":0,"comment_status":"closed","ping_status":"closed","template":"","meta":{"_et_pb_use_builder":"off","_et_pb_old_content":"","_et_gb_content_width":"1080"},"_links":{"self":[{"href":"https:\/\/vidoleo.com\/blog\/fr\/wp-json\/wp\/v2\/pages\/756"}],"collection":[{"href":"https:\/\/vidoleo.com\/blog\/fr\/wp-json\/wp\/v2\/pages"}],"about":[{"href":"https:\/\/vidoleo.com\/blog\/fr\/wp-json\/wp\/v2\/types\/page"}],"author":[{"embeddable":true,"href":"https:\/\/vidoleo.com\/blog\/fr\/wp-json\/wp\/v2\/users\/1"}],"replies":[{"embeddable":true,"href":"https:\/\/vidoleo.com\/blog\/fr\/wp-json\/wp\/v2\/comments?post=756"}],"version-history":[{"count":18,"href":"https:\/\/vidoleo.com\/blog\/fr\/wp-json\/wp\/v2\/pages\/756\/revisions"}],"predecessor-version":[{"id":2570,"href":"https:\/\/vidoleo.com\/blog\/fr\/wp-json\/wp\/v2\/pages\/756\/revisions\/2570"}],"up":[{"embeddable":true,"href":"https:\/\/vidoleo.com\/blog\/fr\/wp-json\/wp\/v2\/pages\/413"}],"wp:featuredmedia":[{"embeddable":true,"href":"https:\/\/vidoleo.com\/blog\/fr\/wp-json\/wp\/v2\/media\/719"}],"wp:attachment":[{"href":"https:\/\/vidoleo.com\/blog\/fr\/wp-json\/wp\/v2\/media?parent=756"}],"curies":[{"name":"wp","href":"https:\/\/api.w.org\/{rel}","templated":true}]}}