{"id":738,"date":"2023-01-23T11:54:47","date_gmt":"2023-01-23T10:54:47","guid":{"rendered":"https:\/\/vidoleo.com\/blog\/?page_id=738"},"modified":"2023-07-25T08:46:40","modified_gmt":"2023-07-25T07:46:40","slug":"avec-celebrite","status":"publish","type":"page","link":"https:\/\/vidoleo.com\/blog\/fr\/communication-entreprise\/avec-celebrite\/","title":{"rendered":"Faire la promotion de son entreprise gr\u00e2ce \u00e0 une c\u00e9l\u00e9brit\u00e9"},"content":{"rendered":"\n<p>Communiquer de fa\u00e7on originale et sans se ruiner sur son business, c\u2019est possible. Plusieurs choix s\u2019offrent \u00e0 vous : R\u00e9seaux sociaux, la presse, une radio locale, des affiches pour une soir\u00e9e dans un lieu prestigieux, ou m\u00eame de la publicit\u00e9 sur vos v\u00e9hicules. Faire appel \u00e0 une c\u00e9l\u00e9brit\u00e9 pour promouvoir votre entreprise est une strat\u00e9gie marketing efficace pour am\u00e9liorer votre visibilit\u00e9, renforcer la confiance des consommateurs et attirer de nouveaux clients.<\/p>\n\n\n\n<p><a href=\"https:\/\/vidoleo.com\/\" data-type=\"page\" data-id=\"1125\">Vidoleo <\/a>est une plateforme innovante qui facilite la mise en relation des entreprises avec des c\u00e9l\u00e9brit\u00e9s pour des collaborations fructueuses. Choisir la c\u00e9l\u00e9brit\u00e9 qui correspond \u00e0 vos besoins et \u00e0 votre image devient d\u00e9sormais facile !<\/p>\n\n\n\n<p><\/p>\n\n\n\n<figure class=\"wp-block-image aligncenter size-full\"><a href=\"https:\/\/vidoleo.com\/business\" target=\"_blank\" rel=\"noreferrer noopener\"><img decoding=\"async\" loading=\"lazy\" width=\"1024\" height=\"496\" src=\"https:\/\/i0.wp.com\/vidoleo.com\/blog\/wp-content\/\/uploads\/2023\/06\/celebrites-entreprise.jpg?resize=1024%2C496&#038;ssl=1\" alt=\"Promotion entreprise c\u00e9l\u00e9brit\u00e9 vid\u00e9o\" class=\"wp-image-1605\" srcset=\"https:\/\/i0.wp.com\/vidoleo.com\/blog\/wp-content\/\/uploads\/2023\/06\/celebrites-entreprise.jpg?resize=1024%2C496&#038;ssl=1 1024w, https:\/\/vidoleo.com\/blog\/wp-content\/\/uploads\/2023\/06\/celebrites-entreprise-980x475.jpg 980w, https:\/\/vidoleo.com\/blog\/wp-content\/\/uploads\/2023\/06\/celebrites-entreprise-480x233.jpg 480w\" sizes=\"(min-width: 0px) and (max-width: 480px) 480px, (min-width: 481px) and (max-width: 980px) 980px, (min-width: 981px) 1024px, 100vw\" data-recalc-dims=\"1\" \/><\/a><\/figure>\n\n\n\n<p><\/p>\n\n\n\n<p><\/p>\n\n\n\n<h2 class=\"wp-block-heading\">Pour faire la promotion de son entreprise, essayez la strat\u00e9gie \u00ab\u00a0Star Marketing\u00a0\u00bb<\/h2>\n\n\n\n<p>Envie de donner un coup de boost \u00e0 votre entreprise, faites place au concept de star marketing. Cela consiste \u00e0 utiliser la notori\u00e9t\u00e9 et la popularit\u00e9 d\u2019une vedette pour faire la promotion de son entreprise. Une strat\u00e9gie tr\u00e8s en vogue dans le monde des affaires qui permet de toucher un large public et de donner une image positive, notamment gr\u00e2ce aux influenceurs et influenceuses qui en ont fait leur m\u00e9tier.<\/p>\n\n\n\n<p><\/p>\n\n\n\n<figure class=\"wp-block-image aligncenter size-full\"><a href=\"https:\/\/vidoleo.com\/categories\/vedettes\" target=\"_blank\" rel=\"noreferrer noopener\"><img decoding=\"async\" loading=\"lazy\" width=\"1024\" height=\"341\" src=\"https:\/\/i0.wp.com\/vidoleo.com\/blog\/wp-content\/\/uploads\/2023\/06\/meilleurs-messages-personnalises-3.jpg?resize=1024%2C341&#038;ssl=1\" alt=\"Promotion entreprise c\u00e9l\u00e9brit\u00e9 Enrique Arce Laurent Paganelli Keen'V Benjamin Castaldi Wes-P V\u00e9ronique Genest\" class=\"wp-image-1685\" srcset=\"https:\/\/i0.wp.com\/vidoleo.com\/blog\/wp-content\/\/uploads\/2023\/06\/meilleurs-messages-personnalises-3.jpg?resize=1024%2C341&#038;ssl=1 1024w, https:\/\/vidoleo.com\/blog\/wp-content\/\/uploads\/2023\/06\/meilleurs-messages-personnalises-3-980x326.jpg 980w, https:\/\/vidoleo.com\/blog\/wp-content\/\/uploads\/2023\/06\/meilleurs-messages-personnalises-3-480x160.jpg 480w\" sizes=\"(min-width: 0px) and (max-width: 480px) 480px, (min-width: 481px) and (max-width: 980px) 980px, (min-width: 981px) 1024px, 100vw\" data-recalc-dims=\"1\" \/><\/a><\/figure>\n\n\n\n<p><\/p>\n\n\n\n<p><\/p>\n\n\n\n<h2 class=\"wp-block-heading\">Vidoleo, la plateforme qui simplifie les collaborations avec les c\u00e9l\u00e9brit\u00e9s<\/h2>\n\n\n\n<p>Vidoleo est une plateforme en ligne qui permet aux entreprises de trouver et de collaborer avec des c\u00e9l\u00e9brit\u00e9s pour leurs campagnes marketing. Elle propose un large \u00e9ventail de personnalit\u00e9s adapt\u00e9es \u00e0 diff\u00e9rents secteurs et budgets.<\/p>\n\n\n\n<p>La plateforme Vidoleo vous propose plus de 700 personnalit\u00e9s pour communiquer d\u2019une mani\u00e8re personnalis\u00e9e sur votre entreprise. Le site vous offre la possibilit\u00e9 d\u2019entrer en contact et de cr\u00e9er une publicit\u00e9 avec V\u00e9ronique Genest, de r\u00e9aliser une vid\u00e9o originale avec <a href=\"https:\/\/vidoleo.com\/laurentpaganelli\">Laurent Paganelli<\/a> pour une diffusion sur les r\u00e9seaux sociaux ou bien tout simplement communiquer sur votre site web gr\u00e2ce au talent de Jean-Pierre Castaldi. Promouvoir son entreprise devient facile en quelques clics.<\/p>\n\n\n\n<p>Vidoleo facilite les d\u00e9marches pour trouver la personnalit\u00e9 id\u00e9ale, n\u00e9gocier les contrats et suivre le d\u00e9roulement de la collaboration.<\/p>\n\n\n\n<p><\/p>\n\n\n\n<figure class=\"wp-block-image aligncenter size-full\"><a href=\"https:\/\/vidoleo.com\/pascallegitimus\" target=\"_blank\" rel=\"noreferrer noopener\"><img decoding=\"async\" loading=\"lazy\" width=\"1080\" height=\"582\" src=\"https:\/\/i0.wp.com\/vidoleo.com\/blog\/wp-content\/\/uploads\/2023\/06\/screen-pascal-legitimus.jpg?resize=1080%2C582&#038;ssl=1\" alt=\"Promotion entreprise Pascal L\u00e9gitimus vid\u00e9o personnalis\u00e9e\" class=\"wp-image-1403\" srcset=\"https:\/\/i0.wp.com\/vidoleo.com\/blog\/wp-content\/\/uploads\/2023\/06\/screen-pascal-legitimus.jpg?resize=1080%2C582&#038;ssl=1 1280w, https:\/\/vidoleo.com\/blog\/wp-content\/\/uploads\/2023\/06\/screen-pascal-legitimus-980x528.jpg 980w, https:\/\/vidoleo.com\/blog\/wp-content\/\/uploads\/2023\/06\/screen-pascal-legitimus-480x259.jpg 480w\" sizes=\"(min-width: 0px) and (max-width: 480px) 480px, (min-width: 481px) and (max-width: 980px) 980px, (min-width: 981px) 1280px, 100vw\" data-recalc-dims=\"1\" \/><\/a><\/figure>\n\n\n\n<p><\/p>\n\n\n\n<p><\/p>\n\n\n\n<h2 class=\"wp-block-heading\">Les avantages de faire appel \u00e0 une c\u00e9l\u00e9brit\u00e9 pour la publicit\u00e9 de son entreprise<\/h2>\n\n\n\n<p>Recourir aux services d\u2019une c\u00e9l\u00e9brit\u00e9 pour du marketing, pour <a href=\"\/blog\/fr\/communication-entreprise\/clients\/\">communiquer aupr\u00e8s de ses clients<\/a> ou pour une communication en interne, a de nombreux avantages :\u00a0<\/p>\n\n\n\n<ul>\n<li>Gr\u00e2ce \u00e0 la notori\u00e9t\u00e9 de la star ou de l&rsquo;influenceur, vous \u00eates d\u00e9j\u00e0 assur\u00e9 d\u2019avoir une couverture m\u00e9diatique importante et une visibilit\u00e9 non n\u00e9gligeable pour booster vos ventes ou pour dorer votre image. Profitez de son influence !<\/li>\n\n\n\n<li>Votre star peut jouer le r\u00f4le d\u2019ambassadeur pour votre marque et votre produit. Choisissez le talent qui partagera les valeurs li\u00e9es \u00e0 votre entreprise.<\/li>\n\n\n\n<li>La c\u00e9l\u00e9brit\u00e9 s\u00e9lectionn\u00e9e est un mod\u00e8le pour beaucoup de personnes. Cela aide donc \u00e0 renforcer la confiance envers votre entreprise. Une image positive qui ne fera que vous diff\u00e9rencier de vos concurrents et vous d\u00e9marquer sur le march\u00e9.<\/li>\n\n\n\n<li>En choisissant une c\u00e9l\u00e9brit\u00e9 parmi le large choix sur <a href=\"https:\/\/vidoleo.com\/\">Vidoleo<\/a>, vous avez la possibilit\u00e9 de communiquer pour des \u00e9v\u00e9nements li\u00e9s \u00e0 votre entreprise comme un s\u00e9minaire, un salon ou une conf\u00e9rence. Si pour vous l\u2019objectif est \u00e0 des fins commerciales, contactez une c\u00e9l\u00e9brit\u00e9 directement via la plateforme pour la promotion de vos services ou de votre campagne publicitaire \u00e0 travers une vid\u00e9o 100 % personnalis\u00e9e. Soyez pr\u00e9cis dans vos instructions afin que la star r\u00e9ponde parfaitement \u00e0 vos besoins.<\/li>\n\n\n\n<li>Une c\u00e9l\u00e9brit\u00e9 peut \u00e9galement se faire passer pour un client et expliquer en quoi votre produit ou service lui est b\u00e9n\u00e9fique. Vos prospects et clients seront rassur\u00e9s de voir que cette personnalit\u00e9 est un client satisfait et qu&rsquo;elle utilise vos produits ou services.<\/li>\n<\/ul>\n\n\n\n<p><\/p>\n\n\n\n<p><\/p>\n\n\n\n<h2 class=\"wp-block-heading\">Pourquoi faire la communication de son business gr\u00e2ce \u00e0 une star ?<\/h2>\n\n\n\n<p>Les termes de \u201ccelebrity marketing\u201d ou \u201cstar strat\u00e9gie\u201d d\u00e9clenche chez le consommateur une pulsation d\u2019achat ou un d\u00e9sir d\u2019imitation. Une vedette est rassurante et \u00e0 une force de conviction naturelle, c\u2019est pourquoi faire la promotion de son entreprise gr\u00e2ce \u00e0 une star renforce votre image de marque, mais aussi les valeurs que vous souhaitez partager.&nbsp;<\/p>\n\n\n\n<p>Un <a href=\"https:\/\/vidoleo.com\/categories\/sportifs\">sportif<\/a>, un journaliste, un musicien, un acteur, un humoriste, un <a href=\"https:\/\/vidoleo.com\/categories\/musiciens\/dj\">DJ<\/a> ou m\u00eame un influenceur sp\u00e9cialis\u00e9 des r\u00e9seaux sociaux. Sur Vidoleo il y en a pour tous les styles d&rsquo;entreprises et pour tous les types de produits ou services. Que ce soit pour une association, un produit, un restaurant, une salle de sport, il n\u2019y a pas de petits business, voyez grand et optez pour les talents pr\u00e9sents sur la plateforme.<\/p>\n\n\n\n<p>Vous pouvez d&rsquo;ailleurs faire appel \u00e0 une c\u00e9l\u00e9brit\u00e9 pour <a href=\"\/blog\/fr\/communication-entreprise\/offre-demploi\/\">cr\u00e9er une offre d&#8217;emploi originale<\/a> et agrandir l&rsquo;\u00e9quipe interne de l&rsquo;entreprise. <\/p>\n\n\n\n<p><\/p>\n\n\n\n<h2 class=\"wp-block-heading\">Choisir la c\u00e9l\u00e9brit\u00e9 adapt\u00e9e \u00e0 votre entreprise<\/h2>\n\n\n\n<p>Identifiez la c\u00e9l\u00e9brit\u00e9 en accord avec votre image de marque : S\u00e9lectionnez une personnalit\u00e9 ou un influenceur qui correspond aux valeurs que vous souhaitez v\u00e9hiculer. La coh\u00e9rence entre la star et votre marque est essentielle pour une campagne r\u00e9ussie.<\/p>\n\n\n\n<p><\/p>\n\n\n\n<figure class=\"wp-block-image aligncenter size-full\"><a href=\"https:\/\/vidoleo.com\/business\" target=\"_blank\" rel=\"noreferrer noopener\"><img decoding=\"async\" loading=\"lazy\" width=\"1024\" height=\"496\" src=\"https:\/\/i0.wp.com\/vidoleo.com\/blog\/wp-content\/\/uploads\/2023\/06\/celebrites-business.jpg?resize=1024%2C496&#038;ssl=1\" alt=\"Promotion entreprise c\u00e9l\u00e9brit\u00e9s message entreprise publicit\u00e9\" class=\"wp-image-1645\" srcset=\"https:\/\/i0.wp.com\/vidoleo.com\/blog\/wp-content\/\/uploads\/2023\/06\/celebrites-business.jpg?resize=1024%2C496&#038;ssl=1 1024w, https:\/\/vidoleo.com\/blog\/wp-content\/\/uploads\/2023\/06\/celebrites-business-980x475.jpg 980w, https:\/\/vidoleo.com\/blog\/wp-content\/\/uploads\/2023\/06\/celebrites-business-480x233.jpg 480w\" sizes=\"(min-width: 0px) and (max-width: 480px) 480px, (min-width: 481px) and (max-width: 980px) 980px, (min-width: 981px) 1024px, 100vw\" data-recalc-dims=\"1\" \/><\/a><\/figure>\n\n\n\n<p><\/p>\n\n\n\n<p><\/p>\n\n\n\n<p>Recherchez la c\u00e9l\u00e9brit\u00e9 adapt\u00e9e : Utilisez les cat\u00e9gories Vidoleo pour trouver la personnalit\u00e9 qui correspond le mieux \u00e0 votre image de marque, votre secteur d&rsquo;activit\u00e9 et votre budget.<\/p>\n\n\n\n<p>Tenez compte de la notori\u00e9t\u00e9 de la c\u00e9l\u00e9brit\u00e9 : Une personnalit\u00e9 connue et appr\u00e9ci\u00e9e par votre cible augmentera l&rsquo;impact de votre campagne. Pour cela, analysez la popularit\u00e9 et la r\u00e9putation du talent aupr\u00e8s de votre public cible.<\/p>\n\n\n\n<p><\/p>\n\n\n\n<p><\/p>\n\n\n\n<h2 class=\"wp-block-heading\">\u00c9tablir une collaboration r\u00e9ussie avec une c\u00e9l\u00e9brit\u00e9 sur Vidoleo<\/h2>\n\n\n\n<ol>\n<li>N\u00e9gocier les conditions du contrat : Vidoleo vous accompagne dans la n\u00e9gociation des conditions de la collaboration, en tenant compte de votre budget et des attentes de la c\u00e9l\u00e9brit\u00e9. Vous pouvez \u00e9galement entrer en contact directement avec les c\u00e9l\u00e9brit\u00e9s via la messagerie instantan\u00e9e. La plupart des talents acceptent de recevoir des messages gratuitement, RDV sur <a href=\"https:\/\/vidoleo.com\/\">Vidoleo<\/a>.<\/li>\n\n\n\n<li>Planifier la campagne : D\u00e9finissez les objectifs de votre campagne marketing, les supports de communication (publicit\u00e9s, r\u00e9seaux sociaux, \u00e9v\u00e9nement, etc.) et les messages cl\u00e9s \u00e0 v\u00e9hiculer. Vous augmenterez ainsi vos chances d&rsquo;une campagne marketing r\u00e9ussie !<\/li>\n<\/ol>\n\n\n\n<p><\/p>\n\n\n\n<figure class=\"wp-block-image aligncenter size-full\"><img decoding=\"async\" loading=\"lazy\" width=\"900\" height=\"601\" src=\"https:\/\/i0.wp.com\/vidoleo.com\/blog\/wp-content\/\/uploads\/2023\/01\/Promotion-entreprise-Star.jpg?resize=900%2C601&#038;ssl=1\" alt=\"Promotion entreprise avec c\u00e9l\u00e9brit\u00e9\" class=\"wp-image-723\" srcset=\"https:\/\/i0.wp.com\/vidoleo.com\/blog\/wp-content\/\/uploads\/2023\/01\/Promotion-entreprise-Star.jpg?resize=900%2C601&#038;ssl=1 900w, https:\/\/vidoleo.com\/blog\/wp-content\/\/uploads\/2023\/01\/Promotion-entreprise-Star-480x321.jpg 480w\" sizes=\"(min-width: 0px) and (max-width: 480px) 480px, (min-width: 481px) 900px, 100vw\" data-recalc-dims=\"1\" \/><\/figure>\n\n\n\n<p><\/p>\n\n\n\n<p><\/p>\n\n\n\n<h2 class=\"wp-block-heading\">Mesurer l&rsquo;impact de votre campagne avec une c\u00e9l\u00e9brit\u00e9<\/h2>\n\n\n\n<p>Suivez les indicateurs cl\u00e9s de performance (KPI): Analysez le contenu et les statistiques de votre campagne (nombre de vues, taux d&rsquo;engagement, taux de conversion, etc.) pour mesurer son efficacit\u00e9 et ajuster votre strat\u00e9gie si n\u00e9cessaire.<\/p>\n\n\n\n<p>Utilisez les outils d&rsquo;analyse SEO: Surveillez l&rsquo;\u00e9volution de votre positionnement sur les moteurs de recherche et l&rsquo;impact de la campagne sur votre trafic web.<\/p>\n\n\n\n<p>\u00c9valuez le retour sur investissement (ROI): Calculez le ratio entre les revenus g\u00e9n\u00e9r\u00e9s par la campagne et le co\u00fbt de la collaboration avec la c\u00e9l\u00e9brit\u00e9 pour d\u00e9terminer si l&rsquo;investissement en vaut la peine.<\/p>\n\n\n\n<p><\/p>\n\n\n\n<p><\/p>\n\n\n\n<h2 class=\"wp-block-heading\">Les influenceurs, une alternative aux c\u00e9l\u00e9brit\u00e9s traditionnelles<\/h2>\n\n\n\n<p><\/p>\n\n\n\n<h3 class=\"wp-block-heading\">Les avantages des influenceurs<\/h3>\n\n\n\n<p>Les influenceurs sont des personnalit\u00e9s pr\u00e9sentes sur les r\u00e9seaux sociaux qui ont un fort pouvoir de recommandation aupr\u00e8s de leur communaut\u00e9. Collaborer avec des influenceurs peut \u00eatre une alternative int\u00e9ressante aux c\u00e9l\u00e9brit\u00e9s traditionnelles pour accroitre votre influence. Car ces derniers offrent souvent un meilleur retour sur investissement, une audience plus cibl\u00e9e et engag\u00e9e, et une plus grande authenticit\u00e9 dans leurs partenariats.<\/p>\n\n\n\n<p><\/p>\n\n\n\n<p><\/p>\n\n\n\n<h3 class=\"wp-block-heading\">Vidoleo et les influenceurs<\/h3>\n\n\n\n<p>Vidoleo ne se limite pas aux c\u00e9l\u00e9brit\u00e9s traditionnelles et propose \u00e9galement une s\u00e9lection de plus de <a href=\"https:\/\/vidoleo.com\/categories\/createurs\/influenceurs\">150 influenceurs<\/a> adapt\u00e9s \u00e0 diff\u00e9rents secteurs et niches de march\u00e9. La plateforme facilite la mise en relation avec ces influenceurs pour des collaborations r\u00e9ussies et permet de b\u00e9n\u00e9ficier des m\u00eames avantages.<\/p>\n\n\n\n<figure class=\"wp-block-image aligncenter size-full\"><a href=\"https:\/\/vidoleo.com\/categories\/createurs\/influenceurs\" target=\"_blank\" rel=\"noreferrer noopener\"><img decoding=\"async\" loading=\"lazy\" width=\"1024\" height=\"341\" src=\"https:\/\/i0.wp.com\/vidoleo.com\/blog\/wp-content\/\/uploads\/2023\/06\/meilleurs-messages-personnalises-31.jpg?resize=1024%2C341&#038;ssl=1\" alt=\"Promotion entreprise c\u00e9l\u00e9brit\u00e9 Maddy Burciaga Nicocapone Pascal Grand Fr\u00e8re Julien Tanti V\u00e9ronique Genest\" class=\"wp-image-1661\" srcset=\"https:\/\/i0.wp.com\/vidoleo.com\/blog\/wp-content\/\/uploads\/2023\/06\/meilleurs-messages-personnalises-31.jpg?resize=1024%2C341&#038;ssl=1 1024w, https:\/\/vidoleo.com\/blog\/wp-content\/\/uploads\/2023\/06\/meilleurs-messages-personnalises-31-980x326.jpg 980w, https:\/\/vidoleo.com\/blog\/wp-content\/\/uploads\/2023\/06\/meilleurs-messages-personnalises-31-480x160.jpg 480w\" sizes=\"(min-width: 0px) and (max-width: 480px) 480px, (min-width: 481px) and (max-width: 980px) 980px, (min-width: 981px) 1024px, 100vw\" data-recalc-dims=\"1\" \/><\/a><\/figure>\n\n\n\n<p><\/p>\n\n\n\n<p><\/p>\n\n\n\n<h3 class=\"wp-block-heading\">Choisir le bon influenceur<\/h3>\n\n\n\n<p>Pour s\u00e9lectionner l&rsquo;influenceur le plus adapt\u00e9 \u00e0 votre entreprise, analysez leur audience (taille, d\u00e9mographie, centres d&rsquo;int\u00e9r\u00eat), leur taux d&rsquo;engagement et leur compatibilit\u00e9 avec votre offre. N&rsquo;h\u00e9sitez pas \u00e0 vous appuyer sur les recommandations de Vidoleo pour trouver l&rsquo;influenceur ou l&rsquo;influenceuse id\u00e9ale pour votre campagne marketing et am\u00e9liorer l&rsquo;influence aupr\u00e8s de votre public.<\/p>\n\n\n\n<p><\/p>\n\n\n\n<p><\/p>\n\n\n\n<h2 class=\"wp-block-heading\">Cr\u00e9er du contenu engageant en collaborant avec des c\u00e9l\u00e9brit\u00e9s et des influenceurs<\/h2>\n\n\n\n<p>Une collaboration r\u00e9ussie avec une c\u00e9l\u00e9brit\u00e9 ou un influenceur, qu&rsquo;il s&rsquo;agisse d&rsquo;une actrice, d&rsquo;une chanteuse ou d&rsquo;une blogueuse, repose sur la cr\u00e9ation de contenus adapt\u00e9s \u00e0 votre marque et \u00e0 votre public. L&rsquo;effet de ces contenus sur les abonn\u00e9s, prospects et clients peut \u00eatre d\u00e9cisif pour accro\u00eetre votre visibilit\u00e9 et stimuler votre activit\u00e9.<\/p>\n\n\n\n<p>Les marques peuvent tirer parti des r\u00e9seaux sociaux, comme Instagram ou Facebook, pour diffuser du contenu attractif et engageant en partenariat avec des c\u00e9l\u00e9brit\u00e9s et des influenceurs. Par exemple, une actrice, un sportif ou une chanteuse peut partager des photos et des vid\u00e9os d&rsquo;un \u00e9v\u00e9nement pour le lancement d&rsquo;un nouveau produit ou service. De m\u00eame, un blogueur ou un influenceur avec une belle communaut\u00e9 peut cr\u00e9er des articles de blog ou des publications sur les r\u00e9seaux sociaux mettant en avant les produits et services de la marque, ainsi qu&rsquo;en pr\u00e9cisant la place qu&rsquo;ils occupent dans leur vie quotidienne.<\/p>\n\n\n\n<p>En d\u00e9veloppant des contenus de qualit\u00e9 et en les diffusant sur les bons canaux, les marques peuvent maximiser l&rsquo;impact de leurs collaborations avec des c\u00e9l\u00e9brit\u00e9s et des influenceurs, attirer de nouveaux prospects et fid\u00e9liser leur client\u00e8le existante.<\/p>\n\n\n\n<p><\/p>\n\n\n\n<p><\/p>\n\n\n\n<h2 class=\"wp-block-heading\">Conclusion<\/h2>\n\n\n\n<p>Que vous choisissiez de travailler avec une c\u00e9l\u00e9brit\u00e9 traditionnelle ou un influenceur, il est essentiel de s\u00e9lectionner un profil adapt\u00e9 aux produits et services de votre entreprise, de planifier une campagne marketing efficace et de suivre les r\u00e9sultats pour optimiser vos retomb\u00e9es. Pour une strat\u00e9gie long terme, n&rsquo;h\u00e9sitez d&rsquo;ailleurs pas \u00e0 <a href=\"\/blog\/fr\/communication-entreprise\/remerciement-client\/\">fid\u00e9liser vos clients gr\u00e2ce \u00e0 des messages de remerciement originaux.<\/a><\/p>\n\n\n\n<p>Vidoleo est une plateforme pr\u00e9cieuse qui facilite ces collaborations et vous accompagne tout au long du processus pour maximiser l&rsquo;impact de votre strat\u00e9gie marketing. En tirant parti de Vidoleo et en mettant en place des partenariats pertinents avec des c\u00e9l\u00e9brit\u00e9s ou des influenceurs, vous pouvez accro\u00eetre la visibilit\u00e9 de votre entreprise, attirer de nouveaux clients et augmenter vos ventes de mani\u00e8re significative.<\/p>\n","protected":false},"excerpt":{"rendered":"<p>Communiquer de fa\u00e7on originale et sans se ruiner sur son business, c\u2019est possible. Plusieurs choix s\u2019offrent \u00e0 vous : R\u00e9seaux sociaux, la presse, une radio locale, des affiches pour une soir\u00e9e dans un lieu prestigieux, ou m\u00eame de la publicit\u00e9 sur vos v\u00e9hicules. Faire appel \u00e0 une c\u00e9l\u00e9brit\u00e9 pour promouvoir votre entreprise est une strat\u00e9gie [&hellip;]<\/p>\n","protected":false},"author":1,"featured_media":723,"parent":511,"menu_order":0,"comment_status":"closed","ping_status":"closed","template":"","meta":{"_et_pb_use_builder":"off","_et_pb_old_content":"","_et_gb_content_width":"1080"},"_links":{"self":[{"href":"https:\/\/vidoleo.com\/blog\/fr\/wp-json\/wp\/v2\/pages\/738"}],"collection":[{"href":"https:\/\/vidoleo.com\/blog\/fr\/wp-json\/wp\/v2\/pages"}],"about":[{"href":"https:\/\/vidoleo.com\/blog\/fr\/wp-json\/wp\/v2\/types\/page"}],"author":[{"embeddable":true,"href":"https:\/\/vidoleo.com\/blog\/fr\/wp-json\/wp\/v2\/users\/1"}],"replies":[{"embeddable":true,"href":"https:\/\/vidoleo.com\/blog\/fr\/wp-json\/wp\/v2\/comments?post=738"}],"version-history":[{"count":23,"href":"https:\/\/vidoleo.com\/blog\/fr\/wp-json\/wp\/v2\/pages\/738\/revisions"}],"predecessor-version":[{"id":2469,"href":"https:\/\/vidoleo.com\/blog\/fr\/wp-json\/wp\/v2\/pages\/738\/revisions\/2469"}],"up":[{"embeddable":true,"href":"https:\/\/vidoleo.com\/blog\/fr\/wp-json\/wp\/v2\/pages\/511"}],"wp:featuredmedia":[{"embeddable":true,"href":"https:\/\/vidoleo.com\/blog\/fr\/wp-json\/wp\/v2\/media\/723"}],"wp:attachment":[{"href":"https:\/\/vidoleo.com\/blog\/fr\/wp-json\/wp\/v2\/media?parent=738"}],"curies":[{"name":"wp","href":"https:\/\/api.w.org\/{rel}","templated":true}]}}