{"id":21,"date":"2022-09-01T23:47:01","date_gmt":"2022-09-01T22:47:01","guid":{"rendered":"https:\/\/dev.vidoleo.com\/blog\/?page_id=21"},"modified":"2023-06-11T15:35:33","modified_gmt":"2023-06-11T14:35:33","slug":"accueil","status":"publish","type":"page","link":"https:\/\/vidoleo.com\/blog\/fr\/","title":{"rendered":"Accueil"},"content":{"rendered":"<p>[et_pb_section fb_built=\u00a0\u00bb1&Prime; admin_label=\u00a0\u00bbHeader\u00a0\u00bb _builder_version=\u00a0\u00bb4.19.1&Prime; _module_preset=\u00a0\u00bbdefault\u00a0\u00bb background_enable_color=\u00a0\u00bboff\u00a0\u00bb background_image=\u00a0\u00bbhttps:\/\/vidoleo.com\/blog\/wp-content\/\/uploads\/2022\/11\/landing-home-blog.jpg\u00a0\u00bb custom_margin=\u00a0\u00bb||-3px||false|false\u00a0\u00bb custom_padding=\u00a0\u00bb60px||60px||false|false\u00a0\u00bb global_colors_info=\u00a0\u00bb{}\u00a0\u00bb][et_pb_row _builder_version=\u00a0\u00bb4.16&Prime; _module_preset=\u00a0\u00bbdefault\u00a0\u00bb custom_padding=\u00a0\u00bb||0px|||\u00a0\u00bb global_colors_info=\u00a0\u00bb{}\u00a0\u00bb][et_pb_column type=\u00a0\u00bb4_4&Prime; _builder_version=\u00a0\u00bb4.16&Prime; _module_preset=\u00a0\u00bbdefault\u00a0\u00bb global_colors_info=\u00a0\u00bb{}\u00a0\u00bb][et_pb_text _builder_version=\u00a0\u00bb4.19.1&Prime; _module_preset=\u00a0\u00bbb53a70bb-9f62-4ee5-b34f-c7a321ddbf6c\u00a0\u00bb text_font=\u00a0\u00bb||||||||\u00a0\u00bb header_font=\u00a0\u00bbPoppins|600|||||||\u00a0\u00bb header_text_color=\u00a0\u00bb#FFFFFF\u00a0\u00bb header_font_size=\u00a0\u00bb72px\u00a0\u00bb header_line_height=\u00a0\u00bb1.2em\u00a0\u00bb text_orientation=\u00a0\u00bbcenter\u00a0\u00bb max_width=\u00a0\u00bb900px\u00a0\u00bb module_alignment=\u00a0\u00bbcenter\u00a0\u00bb custom_margin=\u00a0\u00bb||10px||false|false\u00a0\u00bb header_font_size_tablet=\u00a0\u00bb40px\u00a0\u00bb header_font_size_phone=\u00a0\u00bb24px\u00a0\u00bb header_font_size_last_edited=\u00a0\u00bbon|tablet\u00a0\u00bb header_line_height_tablet=\u00a0\u00bb1.3em\u00a0\u00bb header_line_height_phone=\u00a0\u00bb1.5em\u00a0\u00bb header_line_height_last_edited=\u00a0\u00bbon|desktop\u00a0\u00bb header_text_shadow_style=\u00a0\u00bbpreset3&Prime; global_colors_info=\u00a0\u00bb{}\u00a0\u00bb]<\/p>\n<h1>Blog Vidoleo<\/h1>\n<p>[\/et_pb_text][et_pb_text _builder_version=\u00a0\u00bb4.19.1&Prime; _module_preset=\u00a0\u00bbdefault\u00a0\u00bb text_font=\u00a0\u00bb|600|||||||\u00a0\u00bb text_text_color=\u00a0\u00bb#FFFFFF\u00a0\u00bb text_font_size=\u00a0\u00bb28px\u00a0\u00bb text_orientation=\u00a0\u00bbcenter\u00a0\u00bb text_text_shadow_style=\u00a0\u00bbpreset3&Prime; global_colors_info=\u00a0\u00bb{}\u00a0\u00bb]<\/p>\n<p>1001 raisons de faire appel \u00e0 une c\u00e9l\u00e9brit\u00e9 !<\/p>\n<p>[\/et_pb_text][\/et_pb_column][\/et_pb_row][\/et_pb_section][et_pb_section fb_built=\u00a0\u00bb1&Prime; admin_label=\u00a0\u00bbBlog\u00a0\u00bb _builder_version=\u00a0\u00bb4.16&Prime; _module_preset=\u00a0\u00bbdefault\u00a0\u00bb custom_padding=\u00a0\u00bb17px|||||\u00a0\u00bb global_colors_info=\u00a0\u00bb{}\u00a0\u00bb][et_pb_row _builder_version=\u00a0\u00bb4.19.1&Prime; _module_preset=\u00a0\u00bbdefault\u00a0\u00bb global_colors_info=\u00a0\u00bb{}\u00a0\u00bb][et_pb_column type=\u00a0\u00bb4_4&Prime; _builder_version=\u00a0\u00bb4.19.1&Prime; _module_preset=\u00a0\u00bbdefault\u00a0\u00bb global_colors_info=\u00a0\u00bb{}\u00a0\u00bb][et_pb_text _builder_version=\u00a0\u00bb4.19.1&Prime; _module_preset=\u00a0\u00bbdefault\u00a0\u00bb text_font=\u00a0\u00bb|600|||||||\u00a0\u00bb text_text_color=\u00a0\u00bb#000000&Prime; text_font_size=\u00a0\u00bb20px\u00a0\u00bb header_font_size=\u00a0\u00bb32px\u00a0\u00bb custom_margin=\u00a0\u00bb||20px||false|false\u00a0\u00bb text_font_size_last_edited=\u00a0\u00bboff|desktop\u00a0\u00bb global_colors_info=\u00a0\u00bb{}\u00a0\u00bb]<\/p>\n<p style=\"text-align: center;\">Retrouve toutes les derni\u00e8res actualit\u00e9s des c\u00e9l\u00e9brit\u00e9s Vidoleo mais aussi les meilleures raisons de faire appel \u00e0 une c\u00e9l\u00e9brit\u00e9 Vidoleo : Id\u00e9e cadeau originale, annoncer une bonne nouvelle, am\u00e9liorer sa communication professionelle digitale, etc.<\/p>\n<p>[\/et_pb_text][\/et_pb_column][\/et_pb_row][et_pb_row _builder_version=\u00a0\u00bb4.16&Prime; _module_preset=\u00a0\u00bbdefault\u00a0\u00bb custom_padding=\u00a0\u00bb12px|||||\u00a0\u00bb global_colors_info=\u00a0\u00bb{}\u00a0\u00bb][et_pb_column type=\u00a0\u00bb4_4&Prime; _builder_version=\u00a0\u00bb4.16&Prime; _module_preset=\u00a0\u00bbdefault\u00a0\u00bb global_colors_info=\u00a0\u00bb{}\u00a0\u00bb][et_pb_text _builder_version=\u00a0\u00bb4.20.2&Prime; _module_preset=\u00a0\u00bbdefault\u00a0\u00bb header_2_font=\u00a0\u00bb|700|||||||\u00a0\u00bb header_2_text_align=\u00a0\u00bbcenter\u00a0\u00bb header_2_font_size=\u00a0\u00bb32px\u00a0\u00bb global_colors_info=\u00a0\u00bb{}\u00a0\u00bb]<\/p>\n<h2>Fais appel \u00e0 une c\u00e9l\u00e9brit\u00e9 pour :<\/h2>\n<p>[\/et_pb_text][et_pb_blog post_type=\u00a0\u00bbpage\u00a0\u00bb posts_number=\u00a0\u00bb6&Prime; meta_date=\u00a0\u00bbj M Y\u00a0\u00bb show_author=\u00a0\u00bboff\u00a0\u00bb show_date=\u00a0\u00bboff\u00a0\u00bb _builder_version=\u00a0\u00bb4.20.2&Prime; _module_preset=\u00a0\u00bbdefault\u00a0\u00bb header_font_size=\u00a0\u00bb24px\u00a0\u00bb hover_enabled=\u00a0\u00bb0&Prime; global_colors_info=\u00a0\u00bb{}\u00a0\u00bb sticky_enabled=\u00a0\u00bb0&Prime;][\/et_pb_blog][et_pb_text _builder_version=\u00a0\u00bb4.19.2&Prime; _module_preset=\u00a0\u00bbdefault\u00a0\u00bb header_2_font=\u00a0\u00bb|600|||||||\u00a0\u00bb header_2_font_size=\u00a0\u00bb32px\u00a0\u00bb link_option_url=\u00a0\u00bbhttps:\/\/vidoleo.com\/blog\/fr\/actualites\/\u00a0\u00bb global_colors_info=\u00a0\u00bb{}\u00a0\u00bb]<\/p>\n<h2>C\u00e9l\u00e9brit\u00e9s Vidoleo &#8211; Les derni\u00e8res actualit\u00e9s !<\/h2>\n<p>[\/et_pb_text][et_pb_blog fullwidth=\u00a0\u00bboff\u00a0\u00bb posts_number=\u00a0\u00bb12&Prime; include_categories=\u00a0\u00bb6&Prime; meta_date=\u00a0\u00bbj M Y\u00a0\u00bb show_author=\u00a0\u00bboff\u00a0\u00bb _builder_version=\u00a0\u00bb4.20.2&Prime; _module_preset=\u00a0\u00bbdefault\u00a0\u00bb header_font=\u00a0\u00bbPoppins|600|||||||\u00a0\u00bb header_text_color=\u00a0\u00bb#000763&Prime; header_font_size=\u00a0\u00bb16px\u00a0\u00bb header_line_height=\u00a0\u00bb1.5em\u00a0\u00bb body_font=\u00a0\u00bbPoppins||||||||\u00a0\u00bb body_text_color=\u00a0\u00bb#4F5168&Prime; body_font_size=\u00a0\u00bb13px\u00a0\u00bb body_line_height=\u00a0\u00bb1.8em\u00a0\u00bb meta_font=\u00a0\u00bbPoppins|600|||||||\u00a0\u00bb meta_text_color=\u00a0\u00bb#ff2a61&Prime; meta_font_size=\u00a0\u00bb12px\u00a0\u00bb meta_line_height=\u00a0\u00bb1.8em\u00a0\u00bb pagination_font=\u00a0\u00bbPoppins||||||||\u00a0\u00bb pagination_text_color=\u00a0\u00bb#FF6734&Prime; pagination_font_size=\u00a0\u00bb16px\u00a0\u00bb header_line_height_tablet=\u00a0\u00bb1.7em\u00a0\u00bb header_line_height_phone=\u00a0\u00bb1.8em\u00a0\u00bb header_line_height_last_edited=\u00a0\u00bbon|phone\u00a0\u00bb border_width_all=\u00a0\u00bb0px\u00a0\u00bb locked=\u00a0\u00bboff\u00a0\u00bb global_colors_info=\u00a0\u00bb{}\u00a0\u00bb][\/et_pb_blog][\/et_pb_column][\/et_pb_row][\/et_pb_section]<\/p>\n","protected":false},"excerpt":{"rendered":"<p>Blog Vidoleo1001 raisons de faire appel \u00e0 une c\u00e9l\u00e9brit\u00e9 !Retrouve toutes les derni\u00e8res actualit\u00e9s des c\u00e9l\u00e9brit\u00e9s Vidoleo mais aussi les meilleures raisons de faire appel \u00e0 une c\u00e9l\u00e9brit\u00e9 Vidoleo : Id\u00e9e cadeau originale, annoncer une bonne nouvelle, am\u00e9liorer sa communication professionelle digitale, etc.Fais appel \u00e0 une c\u00e9l\u00e9brit\u00e9 pour :C\u00e9l\u00e9brit\u00e9s Vidoleo &#8211; Les derni\u00e8res actualit\u00e9s !<\/p>\n","protected":false},"author":1,"featured_media":0,"parent":0,"menu_order":0,"comment_status":"closed","ping_status":"closed","template":"","meta":{"_et_pb_use_builder":"on","_et_pb_old_content":"","_et_gb_content_width":""},"_links":{"self":[{"href":"https:\/\/vidoleo.com\/blog\/fr\/wp-json\/wp\/v2\/pages\/21"}],"collection":[{"href":"https:\/\/vidoleo.com\/blog\/fr\/wp-json\/wp\/v2\/pages"}],"about":[{"href":"https:\/\/vidoleo.com\/blog\/fr\/wp-json\/wp\/v2\/types\/page"}],"author":[{"embeddable":true,"href":"https:\/\/vidoleo.com\/blog\/fr\/wp-json\/wp\/v2\/users\/1"}],"replies":[{"embeddable":true,"href":"https:\/\/vidoleo.com\/blog\/fr\/wp-json\/wp\/v2\/comments?post=21"}],"version-history":[{"count":33,"href":"https:\/\/vidoleo.com\/blog\/fr\/wp-json\/wp\/v2\/pages\/21\/revisions"}],"predecessor-version":[{"id":2282,"href":"https:\/\/vidoleo.com\/blog\/fr\/wp-json\/wp\/v2\/pages\/21\/revisions\/2282"}],"wp:attachment":[{"href":"https:\/\/vidoleo.com\/blog\/fr\/wp-json\/wp\/v2\/media?parent=21"}],"curies":[{"name":"wp","href":"https:\/\/api.w.org\/{rel}","templated":true}]}}